{"id":2980,"date":"2022-01-17T13:20:30","date_gmt":"2022-01-17T13:20:30","guid":{"rendered":"https:\/\/www.carga.si\/trgovina\/"},"modified":"2022-01-17T13:20:30","modified_gmt":"2022-01-17T13:20:30","slug":"trgovina","status":"publish","type":"page","link":"https:\/\/www.carga.si\/en\/trgovina\/","title":{"rendered":"NA\u0160IH VIN"},"content":{"rendered":"<p>[vc_row][vc_column]<div class=\"woocommerce columns-3\"><div class=\"row\">\r\n<ul class=\"products\"><li class=\"col-xs-12 col-sm-6 col-md-4 product-category product first\">\r\n\t<\/li><li class=\"col-xs-12 col-sm-6 col-md-4 product-category product\">\r\n\t<\/li><li class=\"col-xs-12 col-sm-6 col-md-4 product-category product last\">\r\n\t<\/li><li class=\"col-xs-12 col-sm-6 col-md-4 product-category product first\">\r\n\t<\/li><li class=\"col-xs-12 col-sm-6 col-md-4 product-category product\">\r\n\t<\/li><li class=\"col-xs-12 col-sm-6 col-md-4 product-category product last\">\r\n\t<\/li><\/ul>\r\n<\/div><\/div>[\/vc_column][\/vc_row][vc_row full_width=&#8221;stretch_row&#8221; content_placement=&#8221;middle&#8221; css=&#8221;.vc_custom_1642427829852{background-image: url(https:\/\/www.carga.si\/wp-content\/uploads\/2022\/01\/brda-3.jpg?id=2438) !important;background-position: center !important;background-repeat: no-repeat !important;background-size: cover !important;}&#8221; el_class=&#8221;center-text contactbottom&#8221;][vc_column css=&#8221;.vc_custom_1460548154083{padding-top: 0px !important;}&#8221; offset=&#8221;vc_col-lg-offset-3 vc_col-lg-6 vc_col-md-12&#8243;]\n\t<div class=\"title-subtitle-box  \" style=\" text-align: center;\">\n\t\t<h2 style=\" font-style: normal;\">kontakt<\/h2>\n\t<\/div> \n\t<div class=\"title-subtitle-box  \" style=\" text-align: center;\">\n\t\t<h1 style=\" font-style: normal;\">Obi\u0161\u010dite nas<\/h1>\n\t<\/div> [vc_column_text css=&#8221;.vc_custom_1642427795376{margin-bottom: 90px !important;}&#8221;]<\/p>\n<p style=\"text-align: center;\">Vsi, ki \u017eelite na\u0161a vina spoznati in jih v resnici tudi razumeti, ste na na\u0161o kmetijo prisr\u010dno vabljeni. Vklju\u010deni smo v projekt Bri\u0161ke vinske ceste in z veseljem si bomo za vas vzeli \u010das.<\/p>\n<p style=\"text-align: center;\"><p class=\"wpcf7-contact-form-not-found\"><strong>Error:<\/strong> Contact form not found.<\/p><\/p>\n<p>[\/vc_column_text][\/vc_column][\/vc_row]<\/p>\n","protected":false},"excerpt":{"rendered":"<p>[vc_row][vc_column][\/vc_column][\/vc_row][vc_row full_width=&#8221;stretch_row&#8221; content_placement=&#8221;middle&#8221; css=&#8221;.vc_custom_1642427829852{background-image: url(https:\/\/www.carga.si\/wp-content\/uploads\/2022\/01\/brda-3.jpg?id=2438) !important;background-position: center !important;background-repeat: no-repeat !important;background-size: cover !important;}&#8221; el_class=&#8221;center-text contactbottom&#8221;][vc_column css=&#8221;.vc_custom_1460548154083{padding-top: 0px !important;}&#8221; offset=&#8221;vc_col-lg-offset-3 vc_col-lg-6 vc_col-md-12&#8243;][vc_column_text css=&#8221;.vc_custom_1642427795376{margin-bottom: 90px !important;}&#8221;] Vsi, ki \u017eelite na\u0161a vina spoznati in<br class=\"read-more-spacer\"> <a class=\"more-link\" href=\"https:\/\/www.carga.si\/en\/trgovina\/\">Read More<\/a><\/p>\n","protected":false},"author":1,"featured_media":0,"parent":0,"menu_order":0,"comment_status":"closed","ping_status":"closed","template":"","meta":{"footnotes":""},"class_list":["post-2980","page","type-page","status-publish","hentry"],"_links":{"self":[{"href":"https:\/\/www.carga.si\/en\/wp-json\/wp\/v2\/pages\/2980","targetHints":{"allow":["GET"]}}],"collection":[{"href":"https:\/\/www.carga.si\/en\/wp-json\/wp\/v2\/pages"}],"about":[{"href":"https:\/\/www.carga.si\/en\/wp-json\/wp\/v2\/types\/page"}],"author":[{"embeddable":true,"href":"https:\/\/www.carga.si\/en\/wp-json\/wp\/v2\/users\/1"}],"replies":[{"embeddable":true,"href":"https:\/\/www.carga.si\/en\/wp-json\/wp\/v2\/comments?post=2980"}],"version-history":[{"count":0,"href":"https:\/\/www.carga.si\/en\/wp-json\/wp\/v2\/pages\/2980\/revisions"}],"wp:attachment":[{"href":"https:\/\/www.carga.si\/en\/wp-json\/wp\/v2\/media?parent=2980"}],"curies":[{"name":"wp","href":"https:\/\/api.w.org\/{rel}","templated":true}]}}