{"id":2988,"date":"2016-03-10T10:44:30","date_gmt":"2016-03-10T10:44:30","guid":{"rendered":"https:\/\/www.carga.si\/homepage-2-2-2-2\/"},"modified":"2023-11-06T07:16:31","modified_gmt":"2023-11-06T07:16:31","slug":"homepage-2-2-2-2","status":"publish","type":"page","link":"https:\/\/www.carga.si\/en\/","title":{"rendered":"Home"},"content":{"rendered":"<p>[vc_row full_width=&#8221;stretch_row_content_no_spaces&#8221; equal_height=&#8221;yes&#8221; content_placement=&#8221;middle&#8221; css=&#8221;.vc_custom_1642426870663{padding-top: 0px !important;padding-bottom: 0px !important;background-image: url(https:\/\/www.carga.si\/wp-content\/uploads\/2022\/01\/brda-2.jpg?id=2417) !important;background-position: center !important;background-repeat: no-repeat !important;background-size: cover !important;}&#8221; el_class=&#8221;title-indent&#8221;][vc_column offset=&#8221;vc_col-lg-6 vc_col-md-6&#8243;][\/vc_column][vc_column css=&#8221;.vc_custom_1460549807462{margin-bottom: 0px !important;padding-top: 20% !important;padding-right: 20% !important;padding-bottom: 20% !important;padding-left: 30px !important;}&#8221; offset=&#8221;vc_col-lg-6 vc_col-md-6&#8243;]\n\t<div class=\"title-subtitle-box  vc_custom_1642426494436\" style=\" margin-bottom:0px; text-align: left;\">\n\t\t<h1 style=\" font-style: normal;\">Brda<\/h1>\n\t<\/div> \n\t<div class=\"title-subtitle-box  vc_custom_1699254552851\" style=\" margin-bottom:0px; text-align: left;\">\n\t\t<h2 style=\" font-style: normal;\">magical wine groves<\/h2>\n\t<\/div> [vc_column_text]Wine is poetry, written by both nature and man. The rhymes can be sometimes simple and monosyllabic, at other times they are complicated like life itself. Sometimes they come easily, at other times we must seek for them, stalking and chasing them up. We need an effort to obtain the most beautiful ones. With work and a bold heart.<\/p>\n<p>The steep vineyards of the Brda region help forge the most beautiful verses and produce the best wines. They reflect the image of paradise and the voice of angels. These are wines that make us proud and give you pleasure.[\/vc_column_text][\/vc_column][\/vc_row][vc_row equal_height=&#8221;yes&#8221; content_placement=&#8221;middle&#8221; el_class=&#8221;white-text&#8221;][vc_column css=&#8221;.vc_custom_1642426940634{padding-top: 20% !important;padding-right: 20% !important;padding-bottom: 20% !important;padding-left: 20% !important;background-color: #d4af37 !important;background-position: 0 0 !important;background-repeat: repeat !important;}&#8221; offset=&#8221;vc_col-lg-6 vc_col-md-6&#8243;]\n\t<div class=\"title-subtitle-box  vc_custom_1642426961614\" style=\" margin-bottom:0px; text-align: left;\">\n\t\t<h1 style=\" font-style: normal;\">\u010carga<\/h1>\n\t<\/div> \n\t<div class=\"title-subtitle-box  vc_custom_1699254594415\" style=\" margin-bottom:0px; text-align: left;\">\n\t\t<h2 style=\" font-style: normal;\">history and traditions<\/h2>\n\t<\/div> [vc_column_text]The oldest record of the farm dates back to 1767, when the farmer Chiorgo built a manor house on the natural ridge between the Ko\u017ebanj\u0161\u010dek and the Belska valleys. The villagers used to call him \u010carga. His worthiest legacy is the knowledge and love of the land, which was handed down from father to son, but also to the young men who married into the Pristava manor.[\/vc_column_text][\/vc_column][vc_column css=&#8221;.vc_custom_1460369664258{margin-top: 0px !important;margin-right: 0px !important;margin-bottom: 0px !important;margin-left: 0px !important;padding-top: 0px !important;padding-right: 0px !important;padding-bottom: 0px !important;padding-left: 0px !important;}&#8221; offset=&#8221;vc_col-lg-6 vc_col-md-6&#8243;][vc_single_image image=&#8221;2694&#8243; img_size=&#8221;large&#8221; css=&#8221;.vc_custom_1645722926413{margin-bottom: 0px !important;}&#8221;][\/vc_column][\/vc_row][vc_row equal_height=&#8221;yes&#8221; content_placement=&#8221;middle&#8221; el_class=&#8221;transparentfp&#8221;][vc_column width=&#8221;1\/2&#8243;]\n\t\t\t<!-- START Vina homepage REVOLUTION SLIDER 6.5.5 --><p class=\"rs-p-wp-fix\"><\/p>\n\t\t\t<rs-module-wrap id=\"rev_slider_3_1_wrapper\" data-source=\"gallery\" style=\"visibility:hidden;background:transparent;padding:0;margin:0px auto;margin-top:0;margin-bottom:0;\">\n\t\t\t\t<rs-module id=\"rev_slider_3_1\" style=\"\" data-version=\"6.5.5\">\n\t\t\t\t\t<rs-slides>\n\t\t\t\t\t\t<rs-slide style=\"position: absolute;\" data-key=\"rs-5\" data-title=\"Slide\" data-thumb=\"\/\/www.carga.si\/wp-content\/uploads\/2022\/01\/06_odprto_rebus_belo-50x100.png\" data-in=\"o:0;\" data-out=\"a:false;\">\n\t\t\t\t\t\t\t<img decoding=\"async\" src=\"\/\/www.carga.si\/wp-content\/plugins\/revslider\/public\/assets\/assets\/dummy.png\" title=\"Home\" class=\"rev-slidebg tp-rs-img rs-lazyload\" data-lazyload=\"\/\/www.carga.si\/wp-content\/uploads\/2022\/01\/06_odprto_rebus_belo.png\" data-bg=\"f:contain;\" data-no-retina>\n<!---->\t\t\t\t\t\t<\/rs-slide>\n\t\t\t\t\t\t<rs-slide style=\"position: absolute;\" data-key=\"rs-12\" data-title=\"Slide\" data-thumb=\"\/\/www.carga.si\/wp-content\/uploads\/2022\/03\/01_STEK_0018_06_sveze_rebula-scaled-50x100.jpg\" data-in=\"o:0;\" data-out=\"a:false;\">\n\t\t\t\t\t\t\t<img loading=\"lazy\" decoding=\"async\" src=\"\/\/www.carga.si\/wp-content\/plugins\/revslider\/public\/assets\/assets\/dummy.png\" title=\"01_STEK_0018_06_sveze_rebula\" width=\"874\" height=\"2560\" class=\"rev-slidebg tp-rs-img rs-lazyload\" data-lazyload=\"\/\/www.carga.si\/wp-content\/uploads\/2022\/03\/01_STEK_0018_06_sveze_rebula-scaled.jpg\" data-bg=\"f:contain;\" data-no-retina>\n<!---->\t\t\t\t\t\t<\/rs-slide>\n\t\t\t\t\t\t<rs-slide style=\"position: absolute;\" data-key=\"rs-4\" data-title=\"Slide\" data-thumb=\"\/\/www.carga.si\/wp-content\/uploads\/2022\/01\/06_odprto_rebus_rdece-50x100.png\" data-in=\"o:0;\" data-out=\"a:false;\">\n\t\t\t\t\t\t\t<img decoding=\"async\" src=\"\/\/www.carga.si\/wp-content\/plugins\/revslider\/public\/assets\/assets\/dummy.png\" title=\"Home\" class=\"rev-slidebg tp-rs-img rs-lazyload\" data-lazyload=\"\/\/www.carga.si\/wp-content\/uploads\/2022\/01\/06_odprto_rebus_rdece.png\" data-bg=\"f:contain;\" data-no-retina>\n<!---->\t\t\t\t\t\t<\/rs-slide>\n\t\t\t\t\t\t<rs-slide style=\"position: absolute;\" data-key=\"rs-24\" data-title=\"Slide\" data-thumb=\"\/\/www.carga.si\/wp-content\/uploads\/2022\/03\/01_STEK_0014_06_sveze_merlot-scaled-50x100.jpg\" data-in=\"o:0;\" data-out=\"a:false;\">\n\t\t\t\t\t\t\t<img loading=\"lazy\" decoding=\"async\" src=\"\/\/www.carga.si\/wp-content\/plugins\/revslider\/public\/assets\/assets\/dummy.png\" title=\"01_STEK_0014_06_sveze_merlot\" width=\"874\" height=\"2560\" class=\"rev-slidebg tp-rs-img rs-lazyload\" data-lazyload=\"\/\/www.carga.si\/wp-content\/uploads\/2022\/03\/01_STEK_0014_06_sveze_merlot-scaled.jpg\" data-bg=\"f:contain;\" data-no-retina>\n<!---->\t\t\t\t\t\t<\/rs-slide>\n\t\t\t\t\t\t<rs-slide style=\"position: absolute;\" data-key=\"rs-25\" data-title=\"Slide\" data-thumb=\"\/\/www.carga.si\/wp-content\/uploads\/2022\/03\/01_STEK_0011_01_donna_regina_brut-scaled-50x100.jpg\" data-in=\"o:0;\" data-out=\"a:false;\">\n\t\t\t\t\t\t\t<img loading=\"lazy\" decoding=\"async\" src=\"\/\/www.carga.si\/wp-content\/plugins\/revslider\/public\/assets\/assets\/dummy.png\" title=\"01_STEK_0011_01_donna_regina_brut\" width=\"874\" height=\"2560\" class=\"rev-slidebg tp-rs-img rs-lazyload\" data-lazyload=\"\/\/www.carga.si\/wp-content\/uploads\/2022\/03\/01_STEK_0011_01_donna_regina_brut-scaled.jpg\" data-bg=\"f:contain;\" data-no-retina>\n<!---->\t\t\t\t\t\t<\/rs-slide>\n\t\t\t\t\t\t<rs-slide style=\"position: absolute;\" data-key=\"rs-26\" data-title=\"Slide\" data-thumb=\"\/\/www.carga.si\/wp-content\/uploads\/2022\/03\/01_STEK_0017_06_sveze_sauvignon-scaled-50x100.jpg\" data-in=\"o:0;\" data-out=\"a:false;\">\n\t\t\t\t\t\t\t<img loading=\"lazy\" decoding=\"async\" src=\"\/\/www.carga.si\/wp-content\/plugins\/revslider\/public\/assets\/assets\/dummy.png\" title=\"01_STEK_0017_06_sveze_sauvignon\" width=\"874\" height=\"2560\" class=\"rev-slidebg tp-rs-img rs-lazyload\" data-lazyload=\"\/\/www.carga.si\/wp-content\/uploads\/2022\/03\/01_STEK_0017_06_sveze_sauvignon-scaled.jpg\" data-bg=\"f:contain;\" data-no-retina>\n<!---->\t\t\t\t\t\t<\/rs-slide>\n\t\t\t\t\t\t<rs-slide style=\"position: absolute;\" data-key=\"rs-6\" data-title=\"Slide\" data-thumb=\"\/\/www.carga.si\/wp-content\/uploads\/2022\/01\/05_vina_TSTAR_rdece-50x100.png\" data-in=\"o:0;\" data-out=\"a:false;\">\n\t\t\t\t\t\t\t<img decoding=\"async\" src=\"\/\/www.carga.si\/wp-content\/plugins\/revslider\/public\/assets\/assets\/dummy.png\" title=\"Home\" class=\"rev-slidebg tp-rs-img rs-lazyload\" data-lazyload=\"\/\/www.carga.si\/wp-content\/uploads\/2022\/01\/05_vina_TSTAR_rdece.png\" data-bg=\"f:contain;\" data-no-retina>\n<!---->\t\t\t\t\t\t<\/rs-slide>\n\t\t\t\t\t\t<rs-slide style=\"position: absolute;\" data-key=\"rs-27\" data-title=\"Slide\" data-thumb=\"\/\/www.carga.si\/wp-content\/uploads\/2022\/03\/01_STEK_0016_06_sveze_cabernet-scaled-50x100.jpg\" data-in=\"o:0;\" data-out=\"a:false;\">\n\t\t\t\t\t\t\t<img loading=\"lazy\" decoding=\"async\" src=\"\/\/www.carga.si\/wp-content\/plugins\/revslider\/public\/assets\/assets\/dummy.png\" title=\"01_STEK_0016_06_sveze_cabernet\" width=\"874\" height=\"2560\" class=\"rev-slidebg tp-rs-img rs-lazyload\" data-lazyload=\"\/\/www.carga.si\/wp-content\/uploads\/2022\/03\/01_STEK_0016_06_sveze_cabernet-scaled.jpg\" data-bg=\"f:contain;\" data-no-retina>\n<!---->\t\t\t\t\t\t<\/rs-slide>\n\t\t\t\t\t<\/rs-slides>\n\t\t\t\t\t<rs-static-layers><!--\n\t\t\t\t\t--><\/rs-static-layers>\n\t\t\t\t<\/rs-module>\n\t\t\t\t<script type=\"text\/javascript\">\n\t\t\t\t\tsetREVStartSize({c: 'rev_slider_3_1',rl:[1240,1024,778,480],el:[900,768,960,720],gw:[800,1024,778,480],gh:[900,768,960,720],type:'standard',justify:'',layout:'fullwidth',mh:\"0\"});if (window.RS_MODULES!==undefined && window.RS_MODULES.modules!==undefined && window.RS_MODULES.modules[\"revslider31\"]!==undefined) {window.RS_MODULES.modules[\"revslider31\"].once = false;window.revapi3 = undefined;window.RS_MODULES.checkMinimal()}\n\t\t\t\t<\/script>\n\t\t\t<\/rs-module-wrap>\n\t\t\t<!-- END REVOLUTION SLIDER -->\n[\/vc_column][vc_column width=&#8221;1\/2&#8243;]\n\t<div class=\"title-subtitle-box  vc_custom_1699254651608\" style=\" margin-bottom:0px; text-align: left;\">\n\t\t<h2 style=\" font-style: normal;\">sophisticated elegance<\/h2>\n\t<\/div> \n\t<div class=\"title-subtitle-box  vc_custom_1699254643766\" style=\" margin-bottom:0px; text-align: left;\">\n\t\t<h1 style=\" font-style: normal;\">Wine<\/h1>\n\t<\/div> [vc_column_text]This is our tribute to the diversity of Brda. It features primary flavours of grape varieties that have found their home here. Their uniqueness is maintained by cellar procedures that are based on controlled fermenting temperatures and nurturing wine in stainless-steel tanks. The pleasantness of our wines derives from their freshness, which is why they are such an ideal companion for a wide range of international and ethnic recipes.[\/vc_column_text][vc_btn title=&#8221;VE\u010c&#8221; style=&#8221;custom&#8221; custom_background=&#8221;#ffffff&#8221; custom_text=&#8221;#d4af37&#8243; shape=&#8221;square&#8221; link=&#8221;url:%2Fvina%2F|title:Gallery&#8221; css=&#8221;.vc_custom_1642953418837{margin-right: 30px !important;margin-bottom: 0px !important;}&#8221; el_class=&#8221;outlined&#8221;][\/vc_column][\/vc_row][vc_row full_width=&#8221;stretch_row&#8221; content_placement=&#8221;middle&#8221; css=&#8221;.vc_custom_1642427829852{background-image: url(https:\/\/www.carga.si\/wp-content\/uploads\/2022\/01\/brda-3.jpg?id=2438) !important;background-position: center !important;background-repeat: no-repeat !important;background-size: cover !important;}&#8221; el_class=&#8221;center-text contactbottom&#8221;][vc_column css=&#8221;.vc_custom_1460548154083{padding-top: 0px !important;}&#8221; offset=&#8221;vc_col-lg-offset-3 vc_col-lg-6 vc_col-md-12&#8243;]\n\t<div class=\"title-subtitle-box  \" style=\" text-align: center;\">\n\t\t<h2 style=\" font-style: normal;\">contact<\/h2>\n\t<\/div> \n\t<div class=\"title-subtitle-box  \" style=\" text-align: center;\">\n\t\t<h1 style=\" font-style: normal;\">Visit us<\/h1>\n\t<\/div> [vc_column_text css=&#8221;.vc_custom_1699254693962{margin-bottom: 90px !important;}&#8221;]<\/p>\n<p style=\"text-align: center;\">All of you who want to get to know our wines and truly understand them are warmly invited to our farm. We are part of the Brda Wine Route project, and we will be happy to take the time for you.<\/p>\n<p>[\/vc_column_text][\/vc_column][\/vc_row][vc_row css=&#8221;.vc_custom_1673511241976{margin-top: 0px !important;margin-bottom: 0px !important;padding-top: 0px !important;padding-bottom: 0px !important;}&#8221;][vc_column][vc_column_text]<a href=\"https:\/\/www.carga.si\/en\/program-podezelja\/\"><img loading=\"lazy\" decoding=\"async\" class=\"size-medium wp-image-2831 aligncenter\" src=\"https:\/\/www.carga.si\/wp-content\/uploads\/2023\/01\/podezelje_1-300x74.jpg\" alt=\"\" width=\"300\" height=\"74\" srcset=\"https:\/\/www.carga.si\/wp-content\/uploads\/2023\/01\/podezelje_1-300x74.jpg 300w, https:\/\/www.carga.si\/wp-content\/uploads\/2023\/01\/podezelje_1.jpg 423w\" sizes=\"auto, (max-width: 300px) 100vw, 300px\" \/><\/a>[\/vc_column_text][\/vc_column][\/vc_row]<\/p>\n","protected":false},"excerpt":{"rendered":"<p>[vc_row full_width=&#8221;stretch_row_content_no_spaces&#8221; equal_height=&#8221;yes&#8221; content_placement=&#8221;middle&#8221; css=&#8221;.vc_custom_1642426870663{padding-top: 0px !important;padding-bottom: 0px !important;background-image: url(https:\/\/www.carga.si\/wp-content\/uploads\/2022\/01\/brda-2.jpg?id=2417) !important;background-position: center !important;background-repeat: no-repeat !important;background-size: cover !important;}&#8221; el_class=&#8221;title-indent&#8221;][vc_column offset=&#8221;vc_col-lg-6 vc_col-md-6&#8243;][\/vc_column][vc_column css=&#8221;.vc_custom_1460549807462{margin-bottom: 0px !important;padding-top: 20% !important;padding-right: 20% !important;padding-bottom: 20% !important;padding-left: 30px<br class=\"read-more-spacer\"> <a class=\"more-link\" href=\"https:\/\/www.carga.si\/en\/\">Read More<\/a><\/p>\n","protected":false},"author":1,"featured_media":0,"parent":0,"menu_order":0,"comment_status":"closed","ping_status":"closed","template":"","meta":{"footnotes":""},"class_list":["post-2988","page","type-page","status-publish","hentry"],"_links":{"self":[{"href":"https:\/\/www.carga.si\/en\/wp-json\/wp\/v2\/pages\/2988","targetHints":{"allow":["GET"]}}],"collection":[{"href":"https:\/\/www.carga.si\/en\/wp-json\/wp\/v2\/pages"}],"about":[{"href":"https:\/\/www.carga.si\/en\/wp-json\/wp\/v2\/types\/page"}],"author":[{"embeddable":true,"href":"https:\/\/www.carga.si\/en\/wp-json\/wp\/v2\/users\/1"}],"replies":[{"embeddable":true,"href":"https:\/\/www.carga.si\/en\/wp-json\/wp\/v2\/comments?post=2988"}],"version-history":[{"count":3,"href":"https:\/\/www.carga.si\/en\/wp-json\/wp\/v2\/pages\/2988\/revisions"}],"predecessor-version":[{"id":3092,"href":"https:\/\/www.carga.si\/en\/wp-json\/wp\/v2\/pages\/2988\/revisions\/3092"}],"wp:attachment":[{"href":"https:\/\/www.carga.si\/en\/wp-json\/wp\/v2\/media?parent=2988"}],"curies":[{"name":"wp","href":"https:\/\/api.w.org\/{rel}","templated":true}]}}