{"id":3065,"date":"2022-01-18T07:55:28","date_gmt":"2022-01-18T07:55:28","guid":{"rendered":"https:\/\/www.carga.si\/product\/merlot-magnum\/"},"modified":"2024-05-21T09:57:56","modified_gmt":"2024-05-21T09:57:56","slug":"merlot-magnum","status":"publish","type":"product","link":"https:\/\/www.carga.si\/en\/product\/merlot-magnum\/","title":{"rendered":"Merlot Magnum"},"content":{"rendered":"<p>Merlot 2017 je bil na ocenjevanju Lidlov mladi vinar slovenije ocenjen kot najbolj\u0161e vino na tekmovanju ter tako drugo leto zapored postavil Martina Erzeti\u010da na zmagovalne stopni\u010dke tega tekmovanja!<\/p>\n<p>Mednarodna sorta, ki se je dobro ukoreninila v na\u0161e in na splo\u0161no bri\u0161ke vinograde nasploh. Na na\u0161i kmetiji je merlot vsestransko uporaben; kot mlado vino, v zvrsti pri rde\u010di penini, kot zrelo vino \u2013 Ta Star ter kot sortno vino sve\u017ee linije \u010cARGA.<\/p>\n<p>Terasirana vinograda \u2013 Pongrat in Vrti\u010d nam dajeta dobro dozorelost grozdja, primerno za dalj\u0161o maceracijo (21 dni). S tem pridobimo izredne zrele arome merlota ter zna\u010dilno \u017eametno strukturo taninov. Opravljen mle\u010dnokislinski razkis vina. Vino je po prvem pretoku zorelo 12 mesecev v novih in rabljenih barrique sodih francoskega porekla.<\/p>\n<p>Je srednje globoke rubinaste barve. Intenzivne vonjave spominjajo na tar, dim, zrele \u010drne sade\u017ee, malce po gumi. V ustih je suho, tekstura je mehkej\u0161a, prijetna, tanini so zreli, srednjega telesa, zmernih kislin. Lepo dozorel, urejen merlot lepim dalj\u0161im zatonom.<\/p>\n<p>14 vol.%<\/p>\n<p>Servirati pri 16 \u2013 18\u00b0C<\/p>\n","protected":false},"excerpt":{"rendered":"<p>Merlot 2017 je bil na ocenjevanju Lidlov mladi vinar slovenije ocenjen kot najbolj\u0161e vino na tekmovanju ter tako drugo leto zapored postavil Martina Erzeti\u010da na zmagovalne stopni\u010dke tega tekmovanja! Mednarodna<br class=\"read-more-spacer\"> <a class=\"more-link\" href=\"https:\/\/www.carga.si\/en\/product\/merlot-magnum\/\">Read More<\/a><\/p>\n","protected":false},"featured_media":3022,"comment_status":"closed","ping_status":"closed","template":"","meta":[],"product_cat":[54],"product_tag":[],"class_list":["post-3065","product","type-product","status-publish","has-post-thumbnail","hentry","product_cat-rdeca-vina-en"],"_links":{"self":[{"href":"https:\/\/www.carga.si\/en\/wp-json\/wp\/v2\/product\/3065","targetHints":{"allow":["GET"]}}],"collection":[{"href":"https:\/\/www.carga.si\/en\/wp-json\/wp\/v2\/product"}],"about":[{"href":"https:\/\/www.carga.si\/en\/wp-json\/wp\/v2\/types\/product"}],"replies":[{"embeddable":true,"href":"https:\/\/www.carga.si\/en\/wp-json\/wp\/v2\/comments?post=3065"}],"wp:featuredmedia":[{"embeddable":true,"href":"https:\/\/www.carga.si\/en\/wp-json\/wp\/v2\/media\/3022"}],"wp:attachment":[{"href":"https:\/\/www.carga.si\/en\/wp-json\/wp\/v2\/media?parent=3065"}],"wp:term":[{"taxonomy":"product_cat","embeddable":true,"href":"https:\/\/www.carga.si\/en\/wp-json\/wp\/v2\/product_cat?post=3065"},{"taxonomy":"product_tag","embeddable":true,"href":"https:\/\/www.carga.si\/en\/wp-json\/wp\/v2\/product_tag?post=3065"}],"curies":[{"name":"wp","href":"https:\/\/api.w.org\/{rel}","templated":true}]}}